{"id":161,"date":"2017-09-04T20:11:22","date_gmt":"2017-09-04T18:11:22","guid":{"rendered":"https:\/\/www.aahealthcare.ch\/?page_id=161"},"modified":"2018-02-09T15:10:50","modified_gmt":"2018-02-09T14:10:50","slug":"politique-de-cookie","status":"publish","type":"page","link":"https:\/\/www.aahealthcare.ch\/fr\/politique-de-cookie\/","title":{"rendered":"Politique de cookie"},"content":{"rendered":"<p><div class=\"fusion-fullwidth fullwidth-box fusion-builder-row-1 nonhundred-percent-fullwidth non-hundred-percent-height-scrolling\" style=\"--awb-border-radius-top-left:0px;--awb-border-radius-top-right:0px;--awb-border-radius-bottom-right:0px;--awb-border-radius-bottom-left:0px;--awb-padding-bottom:-60px;--awb-flex-wrap:wrap;\" ><div class=\"fusion-builder-row fusion-row\"><div class=\"fusion-layout-column fusion_builder_column fusion-builder-column-0 fusion_builder_column_1_1 1_1 fusion-one-full fusion-column-first fusion-column-last\" style=\"--awb-bg-size:cover;\"><div class=\"fusion-column-wrapper fusion-flex-column-wrapper-legacy\"><div class=\"fusion-title title fusion-title-1 sep-underline sep-dotted fusion-title-text fusion-title-size-one\"><h1 class=\"fusion-title-heading title-heading-left\" style=\"margin:0;\">Politique de cookie<\/h1><\/div><div class=\"fusion-title title fusion-title-2 fusion-sep-none fusion-title-text fusion-title-size-two\"><h2 class=\"fusion-title-heading title-heading-left\" style=\"margin:0;\">Cookies utilis\u00e9s sur ce site<\/h2><\/div><div class=\"fusion-text fusion-text-1\"><p>Notre site web utilise des cookies, comme presque tous les sites Web. Ces cookies ont pour but de vous aider \u00e0 obtenir la meilleure exp\u00e9rience que nous puissions vous offrir. Les cookies sont des petits fichiers texte qui sont situ\u00e9s sur votre ordinateur ou t\u00e9l\u00e9phone portable quand vous naviguez sur des sites web.<\/p>\n<\/div><div class=\"fusion-clearfix\"><\/div><\/div><\/div><\/div><\/div><div class=\"fusion-fullwidth fullwidth-box fusion-builder-row-2 nonhundred-percent-fullwidth non-hundred-percent-height-scrolling\" style=\"--awb-border-radius-top-left:0px;--awb-border-radius-top-right:0px;--awb-border-radius-bottom-right:0px;--awb-border-radius-bottom-left:0px;--awb-margin-top:-40px;--awb-flex-wrap:wrap;\" ><div class=\"fusion-builder-row fusion-row\"><div class=\"fusion-layout-column fusion_builder_column fusion-builder-column-1 fusion_builder_column_1_2 1_2 fusion-one-half fusion-column-first\" style=\"--awb-bg-size:cover;width:50%;width:calc(50% - ( ( 4% ) * 0.5 ) );margin-right: 4%;\"><div class=\"fusion-column-wrapper fusion-flex-column-wrapper-legacy\"><div class=\"fusion-title title fusion-title-3 fusion-sep-none fusion-title-text fusion-title-size-two\"><h2 class=\"fusion-title-heading title-heading-left\" style=\"margin:0;\">Nos cookies nous aident \u00e0&#160;:<\/h2><\/div><div class=\"fusion-text fusion-text-2\"><ul>\n<li>Faire fonctionner notre site web selon vos attentes<\/li>\n<li>Garder en m\u00e9moire vos r\u00e9glages durant et entre vos visites<\/li>\n<li>Am\u00e9liorer la visite et la s\u00e9curit\u00e9 du site<\/li>\n<li>Vous permettre de partager les pages du site via les r\u00e9seaux sociaux<\/li>\n<li>Am\u00e9liorer continuellement notre site web pour vous<\/li>\n<li>Rendre notre marketing plus efficace<\/li>\n<\/ul>\n<\/div><div class=\"fusion-text fusion-text-3\"><p>Vous pouvez en savoir plus sur tous les cookies utilis\u00e9s, ci-apr\u00e8s&#160;:<\/p>\n<\/div><div class=\"fusion-title title fusion-title-4 fusion-sep-none fusion-title-text fusion-title-size-two\"><h2 class=\"fusion-title-heading title-heading-left\" style=\"margin:0;\"><p>Nous octroyer la permission<br \/>\nd&rsquo;utiliser des cookies<\/p><\/h2><\/div><div class=\"fusion-text fusion-text-4\"><p>Si les r\u00e9glages du logiciel que vous utilisez pour visionner ce site web (votre navigateur) sont r\u00e9gl\u00e9s pour accepter des cookies ainsi que l\u2019utilisation de notre site web, nous consid\u00e9rons que vous validez ceci. Dans le cas o\u00f9 vous souhaitez retirer ou ne pas utiliser les cookies de notre site, vous pouvez apprendre comment le faire ci-dessous. Cependant si vous le faites, cela signifie que notre site ne fonctionnera probablement pas comme vous l\u2019attendez.<\/p>\n<\/div><div class=\"fusion-title title fusion-title-5 fusion-sep-none fusion-title-text fusion-title-size-two\"><h2 class=\"fusion-title-heading title-heading-left\" style=\"margin:0;\">Fonction de tiers<\/h2><\/div><div class=\"fusion-text fusion-text-5\"><p>Notre site, comme la plupart des sites web, inclut des fonctionnalit\u00e9s fournies par des tiers Un exemple commun est une vid\u00e9o YouTube incorpor\u00e9e dans le site. Notre site web inclut les cookies utilis\u00e9s par YouTube. La mise hors service de ces cookies YouTube emp\u00eachera probablement certaines fonctions offertes par YouTube.<\/p>\n<\/div><div class=\"fusion-title title fusion-title-6 fusion-sep-none fusion-title-text fusion-title-size-two\"><h2 class=\"fusion-title-heading title-heading-left\" style=\"margin:0;\"><p>Cookies de statistiques pour<br \/>\nles visiteurs anonymes<\/p><\/h2><\/div><div class=\"fusion-text fusion-text-6\"><p>Nous utilisons des cookies pour \u00e9tablir des statistiques de visite telles que combien de personnes ont visit\u00e9 notre site web, quel type de technologie est utilis\u00e9 (Mac, Windows\u2026ceci nous aide \u00e0 savoir lorsque notre site ne fonctionne pas sur l\u2019un ou l\u2019autre de ces syst\u00e8mes), combien de temps les visiteurs restent sur notre site, quelles pages sont consult\u00e9es etc. Ceci nous aide \u00e0 am\u00e9liorer continuellement notre site. Les cookies \u00ab&#160;analytiques&#160;\u00bb nous renseignent \u00e9galement, de mani\u00e8re anonyme, sur comment les visiteurs ont atteint le site (par exemple, par le biais d\u2019un moteur de recherche).<\/p>\n<\/div><div class=\"fusion-clearfix\"><\/div><\/div><\/div><div class=\"fusion-layout-column fusion_builder_column fusion-builder-column-2 fusion_builder_column_1_2 1_2 fusion-one-half fusion-column-last\" style=\"--awb-bg-size:cover;width:50%;width:calc(50% - ( ( 4% ) * 0.5 ) );\"><div class=\"fusion-column-wrapper fusion-flex-column-wrapper-legacy\"><div class=\"fusion-title title fusion-title-7 fusion-sep-none fusion-title-text fusion-title-size-two\"><h2 class=\"fusion-title-heading title-heading-left\" style=\"margin:0;\">Nous n&rsquo;utilisons pas\u00a0les cookies\u00a0pour&#160;:<\/h2><\/div><div class=\"fusion-text fusion-text-7\"><ul>\n<li>Collecter des informations personnelles (sans votre autorisation formelle)<\/li>\n<li>Collecter des informations sensibles (sans votre autorisation formelle)<\/li>\n<li>Transmettre des donn\u00e9es \u00e0 des r\u00e9seaux de publicit\u00e9<\/li>\n<li>Transmettre des donn\u00e9es personnelles \u00e0 des tiers<\/li>\n<li>Payer des commissions de vente<\/li>\n<\/ul>\n<\/div><div class=\"fusion-title title fusion-title-8 fusion-sep-none fusion-title-text fusion-title-size-two\"><h2 class=\"fusion-title-heading title-heading-left\" style=\"margin:0;\"><p>Nous utilisons les cookies pour<br \/>\nfaire fonctionner notre site&#160;:<\/p><\/h2><\/div><div class=\"fusion-text fusion-text-8\"><p>M\u00e9morisation de vos r\u00e9glages de recherche. Vous permettre d\u2019ajouter des commentaires sur notre site. Il est impossible d\u2019emp\u00eacher ces cookies autrement que de ne pas utiliser notre site.<\/p>\n<\/div><div class=\"fusion-title title fusion-title-9 fusion-sep-none fusion-title-text fusion-title-size-two\"><h2 class=\"fusion-title-heading title-heading-left\" style=\"margin:0;\">Cookies des r\u00e9seaux sociaux<\/h2><\/div><div class=\"fusion-text fusion-text-9\"><p>Afin que vous puissiez facilement aimer ou partager notre contenu sur les r\u00e9seaux sociaux, nous avons int\u00e9gr\u00e9 des boutons de parage sur notre site. Les cookies des r\u00e9seaux sociaux sont \u00e9tablis par Facebook et Twitter. Les implications sur la vie priv\u00e9e peuvent varier d\u2019un r\u00e9seau social \u00e0 un autre et d\u00e9pendront des param\u00e8tres de confidentialit\u00e9 que vous aurez choisis sur ces r\u00e9seaux.<\/p>\n<\/div><div class=\"fusion-title title fusion-title-10 fusion-sep-none fusion-title-text fusion-title-size-two\"><h2 class=\"fusion-title-heading title-heading-left\" style=\"margin:0;\">D\u00e9sactiver les cookies<\/h2><\/div><div class=\"fusion-text fusion-text-10\"><p>Vous pouvez d\u00e9sactiver les cookies en ajustant les r\u00e9glages de votre navigateur. Cependant en le faisant, vous limitez les fonctionnalit\u00e9s de notre site web mais \u00e9galement de la plupart des autres sites \u00e9tant donn\u00e9 que les cookies sont un standard pouar la plupart des sites web de la g\u00e9n\u00e9ration actuelle.<\/p>\n<p>En le faisant, il se peut que vous pensiez aux cookies appel\u00e9s \u00ab&#160;spyware&#160;\u00bb (logiciel espion). Toutefois, plut\u00f4t que de d\u00e9sactiver tous les cookies dans votre navigateur, vous pouvez utiliser le logiciel anti-spyware qui supprimera uniquement les cookies consid\u00e9r\u00e9s comme invasifs.<\/p>\n<\/div><div class=\"fusion-clearfix\"><\/div><\/div><\/div><\/div><\/div><\/p>\n","protected":false},"excerpt":{"rendered":"","protected":false},"author":1,"featured_media":0,"parent":0,"menu_order":0,"comment_status":"closed","ping_status":"closed","template":"100-width.php","meta":{"footnotes":""},"class_list":["post-161","page","type-page","status-publish","hentry"],"yoast_head":"<!-- This site is optimized with the Yoast SEO plugin v24.4 - https:\/\/yoast.com\/wordpress\/plugins\/seo\/ -->\n<title>AAHealthcare - Politique de cookie<\/title>\n<meta name=\"description\" content=\"Lors de la consultation du site des cookies sont d\u00e9pos\u00e9s sur votre ordinateur. Cette section vous permet de mieux comprendre comment fonctionnent les cookies.\" \/>\n<meta name=\"robots\" content=\"index, follow, max-snippet:-1, max-image-preview:large, max-video-preview:-1\" \/>\n<link rel=\"canonical\" href=\"https:\/\/www.aahealthcare.ch\/fr\/politique-de-cookie\/\" \/>\n<meta property=\"og:locale\" content=\"fr_FR\" \/>\n<meta property=\"og:type\" content=\"article\" \/>\n<meta property=\"og:title\" content=\"AAHealthcare - Politique de cookie\" \/>\n<meta property=\"og:description\" content=\"Lors de la consultation du site des cookies sont d\u00e9pos\u00e9s sur votre ordinateur. Cette section vous permet de mieux comprendre comment fonctionnent les cookies.\" \/>\n<meta property=\"og:url\" content=\"https:\/\/www.aahealthcare.ch\/fr\/politique-de-cookie\/\" \/>\n<meta property=\"og:site_name\" content=\"AAHealthcare\" \/>\n<meta property=\"article:modified_time\" content=\"2018-02-09T14:10:50+00:00\" \/>\n<meta name=\"twitter:card\" content=\"summary_large_image\" \/>\n<meta name=\"twitter:label1\" content=\"Dur\u00e9e de lecture estim\u00e9e\" \/>\n\t<meta name=\"twitter:data1\" content=\"7 minutes\" \/>\n<script type=\"application\/ld+json\" class=\"yoast-schema-graph\">{\"@context\":\"https:\/\/schema.org\",\"@graph\":[{\"@type\":\"WebPage\",\"@id\":\"https:\/\/www.aahealthcare.ch\/fr\/politique-de-cookie\/\",\"url\":\"https:\/\/www.aahealthcare.ch\/fr\/politique-de-cookie\/\",\"name\":\"AAHealthcare - Politique de cookie\",\"isPartOf\":{\"@id\":\"https:\/\/www.aahealthcare.ch\/fr\/#website\"},\"datePublished\":\"2017-09-04T18:11:22+00:00\",\"dateModified\":\"2018-02-09T14:10:50+00:00\",\"description\":\"Lors de la consultation du site des cookies sont d\u00e9pos\u00e9s sur votre ordinateur. Cette section vous permet de mieux comprendre comment fonctionnent les cookies.\",\"breadcrumb\":{\"@id\":\"https:\/\/www.aahealthcare.ch\/fr\/politique-de-cookie\/#breadcrumb\"},\"inLanguage\":\"fr-FR\",\"potentialAction\":[{\"@type\":\"ReadAction\",\"target\":[\"https:\/\/www.aahealthcare.ch\/fr\/politique-de-cookie\/\"]}]},{\"@type\":\"BreadcrumbList\",\"@id\":\"https:\/\/www.aahealthcare.ch\/fr\/politique-de-cookie\/#breadcrumb\",\"itemListElement\":[{\"@type\":\"ListItem\",\"position\":1,\"name\":\"Accueil\",\"item\":\"https:\/\/www.aahealthcare.ch\/fr\/\"},{\"@type\":\"ListItem\",\"position\":2,\"name\":\"Politique de cookie\"}]},{\"@type\":\"WebSite\",\"@id\":\"https:\/\/www.aahealthcare.ch\/fr\/#website\",\"url\":\"https:\/\/www.aahealthcare.ch\/fr\/\",\"name\":\"AAHealthcare\",\"description\":\"\",\"potentialAction\":[{\"@type\":\"SearchAction\",\"target\":{\"@type\":\"EntryPoint\",\"urlTemplate\":\"https:\/\/www.aahealthcare.ch\/fr\/?s={search_term_string}\"},\"query-input\":{\"@type\":\"PropertyValueSpecification\",\"valueRequired\":true,\"valueName\":\"search_term_string\"}}],\"inLanguage\":\"fr-FR\"}]}<\/script>\n<!-- \/ Yoast SEO plugin. -->","yoast_head_json":{"title":"AAHealthcare - Politique de cookie","description":"Lors de la consultation du site des cookies sont d\u00e9pos\u00e9s sur votre ordinateur. Cette section vous permet de mieux comprendre comment fonctionnent les cookies.","robots":{"index":"index","follow":"follow","max-snippet":"max-snippet:-1","max-image-preview":"max-image-preview:large","max-video-preview":"max-video-preview:-1"},"canonical":"https:\/\/www.aahealthcare.ch\/fr\/politique-de-cookie\/","og_locale":"fr_FR","og_type":"article","og_title":"AAHealthcare - Politique de cookie","og_description":"Lors de la consultation du site des cookies sont d\u00e9pos\u00e9s sur votre ordinateur. Cette section vous permet de mieux comprendre comment fonctionnent les cookies.","og_url":"https:\/\/www.aahealthcare.ch\/fr\/politique-de-cookie\/","og_site_name":"AAHealthcare","article_modified_time":"2018-02-09T14:10:50+00:00","twitter_card":"summary_large_image","twitter_misc":{"Dur\u00e9e de lecture estim\u00e9e":"7 minutes"},"schema":{"@context":"https:\/\/schema.org","@graph":[{"@type":"WebPage","@id":"https:\/\/www.aahealthcare.ch\/fr\/politique-de-cookie\/","url":"https:\/\/www.aahealthcare.ch\/fr\/politique-de-cookie\/","name":"AAHealthcare - Politique de cookie","isPartOf":{"@id":"https:\/\/www.aahealthcare.ch\/fr\/#website"},"datePublished":"2017-09-04T18:11:22+00:00","dateModified":"2018-02-09T14:10:50+00:00","description":"Lors de la consultation du site des cookies sont d\u00e9pos\u00e9s sur votre ordinateur. Cette section vous permet de mieux comprendre comment fonctionnent les cookies.","breadcrumb":{"@id":"https:\/\/www.aahealthcare.ch\/fr\/politique-de-cookie\/#breadcrumb"},"inLanguage":"fr-FR","potentialAction":[{"@type":"ReadAction","target":["https:\/\/www.aahealthcare.ch\/fr\/politique-de-cookie\/"]}]},{"@type":"BreadcrumbList","@id":"https:\/\/www.aahealthcare.ch\/fr\/politique-de-cookie\/#breadcrumb","itemListElement":[{"@type":"ListItem","position":1,"name":"Accueil","item":"https:\/\/www.aahealthcare.ch\/fr\/"},{"@type":"ListItem","position":2,"name":"Politique de cookie"}]},{"@type":"WebSite","@id":"https:\/\/www.aahealthcare.ch\/fr\/#website","url":"https:\/\/www.aahealthcare.ch\/fr\/","name":"AAHealthcare","description":"","potentialAction":[{"@type":"SearchAction","target":{"@type":"EntryPoint","urlTemplate":"https:\/\/www.aahealthcare.ch\/fr\/?s={search_term_string}"},"query-input":{"@type":"PropertyValueSpecification","valueRequired":true,"valueName":"search_term_string"}}],"inLanguage":"fr-FR"}]}},"_links":{"self":[{"href":"https:\/\/www.aahealthcare.ch\/fr\/wp-json\/wp\/v2\/pages\/161","targetHints":{"allow":["GET"]}}],"collection":[{"href":"https:\/\/www.aahealthcare.ch\/fr\/wp-json\/wp\/v2\/pages"}],"about":[{"href":"https:\/\/www.aahealthcare.ch\/fr\/wp-json\/wp\/v2\/types\/page"}],"author":[{"embeddable":true,"href":"https:\/\/www.aahealthcare.ch\/fr\/wp-json\/wp\/v2\/users\/1"}],"replies":[{"embeddable":true,"href":"https:\/\/www.aahealthcare.ch\/fr\/wp-json\/wp\/v2\/comments?post=161"}],"version-history":[{"count":5,"href":"https:\/\/www.aahealthcare.ch\/fr\/wp-json\/wp\/v2\/pages\/161\/revisions"}],"predecessor-version":[{"id":926,"href":"https:\/\/www.aahealthcare.ch\/fr\/wp-json\/wp\/v2\/pages\/161\/revisions\/926"}],"wp:attachment":[{"href":"https:\/\/www.aahealthcare.ch\/fr\/wp-json\/wp\/v2\/media?parent=161"}],"curies":[{"name":"wp","href":"https:\/\/api.w.org\/{rel}","templated":true}]}}