{"id":951,"date":"2018-03-07T11:02:16","date_gmt":"2018-03-07T10:02:16","guid":{"rendered":"https:\/\/www.aahealthcare.ch\/?page_id=951"},"modified":"2018-03-07T11:47:27","modified_gmt":"2018-03-07T10:47:27","slug":"faq","status":"publish","type":"page","link":"https:\/\/www.aahealthcare.ch\/fr\/faq\/","title":{"rendered":"FAQ"},"content":{"rendered":"<div class=\"fusion-fullwidth fullwidth-box fusion-builder-row-1 nonhundred-percent-fullwidth non-hundred-percent-height-scrolling\" style=\"--awb-border-radius-top-left:0px;--awb-border-radius-top-right:0px;--awb-border-radius-bottom-right:0px;--awb-border-radius-bottom-left:0px;--awb-flex-wrap:wrap;\" ><div class=\"fusion-builder-row fusion-row\"><div class=\"fusion-layout-column fusion_builder_column fusion-builder-column-0 fusion_builder_column_1_5 1_5 fusion-one-fifth fusion-column-first\" style=\"--awb-bg-size:cover;width:20%;width:calc(20% - ( ( 4% + 4% ) * 0.2 ) );margin-right: 4%;\"><div class=\"fusion-column-wrapper fusion-flex-column-wrapper-legacy\"><div class=\"fusion-clearfix\"><\/div><\/div><\/div><div class=\"fusion-layout-column fusion_builder_column fusion-builder-column-1 fusion_builder_column_3_5 3_5 fusion-three-fifth\" style=\"--awb-bg-size:cover;width:60%;width:calc(60% - ( ( 4% + 4% ) * 0.6 ) );margin-right: 4%;\"><div class=\"fusion-column-wrapper fusion-flex-column-wrapper-legacy\"><div class=\"fusion-title title fusion-title-1 fusion-title-text fusion-title-size-one\"><h1 class=\"fusion-title-heading title-heading-left\" style=\"margin:0;\">FAQ (foire aux questions)<\/h1><span class=\"awb-title-spacer\"><\/span><div class=\"title-sep-container\"><div class=\"title-sep sep-double sep-solid\" style=\"border-color:#e0dede;\"><\/div><\/div><\/div><div class=\"fusion-content-boxes content-boxes columns row fusion-columns-1 fusion-columns-total-1 fusion-content-boxes-1 content-boxes-icon-with-title content-left\" style=\"--awb-hover-accent-color:#ff690f;--awb-circle-hover-accent-color:#ff690f;--awb-item-margin-bottom:40px;\" data-animationOffset=\"top-into-view\"><div style=\"--awb-backgroundcolor:rgba(255,255,255,0);\" class=\"fusion-column content-box-column content-box-column content-box-column-1 col-lg-12 col-md-12 col-sm-12 fusion-content-box-hover content-box-column-last content-box-column-last-in-row\"><div class=\"col content-box-wrapper content-wrapper link-area-link-icon icon-hover-animation-fade\" data-animationOffset=\"top-into-view\"><div class=\"fusion-clearfix\"><\/div><div class=\"content-container\">\n<h3><strong>Combien de prot\u00e9ines contient un sachet Nutrinamin&#160;?<\/strong><\/h3>\n<p>Nutrinamin ne contient que des <strong>acides amin\u00e9s essentiels<\/strong>. Les diff\u00e9rentes concentrations du AAComplex ont \u00e9t\u00e9 observ\u00e9es durant plusieurs ann\u00e9es, afin d\u2019optimiser l\u2019efficacit\u00e9 du produit. C\u2019est avec ces concentrations que l&rsquo;\u00e9tude clinique a \u00e9t\u00e9 r\u00e9alis\u00e9es aupr\u00e8s de personnes fragiles.<br \/>\nLe <strong>but de Nutrinamin est de couvrir les besoins sp\u00e9cifiques en acides amin\u00e9s essentiels<\/strong> ainsi que d&rsquo;<strong>optimiser<\/strong> leurs <strong>effets<\/strong> gr\u00e2ce au <strong>zinc<\/strong> et de ne pas mettre \u00e0 disposition exclusivement des prot\u00e9ines. Cette d\u00e9marche le permet en proposant un produit qu&rsquo;on puisse prendre sous forme d&rsquo;une <strong>boisson de 200ml par jour<\/strong>, qui soit <strong>facilement<\/strong> <strong>digestible<\/strong> et pouvant \u00eatre <strong>compl\u00e8tement<\/strong> <strong>assimil\u00e9e<\/strong>. De plus, l\u2019alimentation normale peut \u00eatre conserv\u00e9e puisque le produit <strong>ne coupe pas l\u2019app\u00e9tit<\/strong>.<\/p>\n<h3><strong>Comment sont obtenus les acides amin\u00e9s essentiels&#160;?<br \/>\n<\/strong><\/h3>\n<p>Selon notre avis, les <strong>acides amin\u00e9s essentiels<\/strong> doivent \u00eatre <strong>dissoci\u00e9s<\/strong> pour optimiser leur <strong>assimilation<\/strong> et <strong>faciliter<\/strong> la <strong>digestion<\/strong> sans passer par la forme de <strong>prot\u00e9ines<\/strong> plus complexes \u00e0 assimiler par notre organisme. Les acides amin\u00e9s utilis\u00e9s sont donc de synth\u00e8se et les quantit\u00e9s ainsi que leur proportion ont \u00e9t\u00e9 \u00e9tudi\u00e9es durant des ann\u00e9es pour obtenir le meilleur ratio qui permet l\u2019efficacit\u00e9 observ\u00e9e dans l\u2019essai clinique men\u00e9 sur les patients fragiles.<\/p>\n<h3><strong>Comment est fabriqu\u00e9 le produit&#160;?<\/strong><\/h3>\n<p>Le produit a d\u2019abord \u00e9t\u00e9 \u00e9tudi\u00e9 en pr\u00e9clinique par plusieurs \u00e9tudes pour d\u00e9montrer le mode d\u2019action et pr\u00e9parer les ratios du complexe. Puis, sur cette base l\u2019essai clinique a pu \u00eatre men\u00e9 avec d\u2019excellents r\u00e9sultats. Finalement, la meilleure formule a \u00e9t\u00e9 retenue (avec zinc) pour d\u00e9velopper la gal\u00e9nique d\u00e9sormais disponible sur le march\u00e9.<\/p>\n<h3><strong>Quel est le dosage de Nutrinamin&#160;?<\/strong><\/h3>\n<p>Le dosage de Nutrinamin est disponible <a href=\"https:\/\/www.aahealthcare.ch\/wp-content\/uploads\/2018\/03\/nutrinamin_declarationnutritionnelle_fr.pdf\">ici<\/a><\/p>\n<h3><strong>Est-ce que les quantit\u00e9s d\u2019acides amin\u00e9s essentiels sont pr\u00e9cis\u00e9ment d\u00e9finies et \u00e9tablies selon les besoins&#160;?<\/strong><\/h3>\n<p>Les quantit\u00e9s ont \u00e9t\u00e9 d\u00e9finies apr\u00e8s des ann\u00e9es de recherche pour avoir le bon ratio et les bonnes quantit\u00e9s journali\u00e8res avant de pouvoir mener l\u2019essai clinique sur des personnes fragiles. Le rapport entre les acides amin\u00e9s essentiels est tr\u00e8s important et a donn\u00e9 lieu au complexe pr\u00e9sent dans Nutrinamin (AAComplex) qui est tr\u00e8s sp\u00e9cifique.<\/p>\n<h3><strong>Combien y a-t-il de calories dans un sachet Nutrinamin&#160;?<\/strong><\/h3>\n<p>Nutrinamin ne contient aucun sucre ajout\u00e9. Le produit ne vise pas un apport de calories.<\/p>\n<h3><strong>Combien de sachet est-il recommand\u00e9 de consommer quotidiennement&#160;?<\/strong><\/h3>\n<p>L&rsquo;\u00e9tude clinique a \u00e9t\u00e9 ex\u00e9cut\u00e9e avec l&rsquo;\u00e9quivalent d&rsquo;une dose quotidienne qui a apport\u00e9 les effets observ\u00e9s. Cette dose couvre <strong>100&#160;% de l\u2019apport journalier de zinc<\/strong> et peut \u00eatre augment\u00e9e seulement sous surveillance m\u00e9dicale.<\/p>\n<h3><strong>Quelle est la dose journali\u00e8re maximale&#160;? Est-ce qu\u2019un sachet par jour est suffisant afin de couvrir les besoins en prot\u00e9ines&#160;?<\/strong><\/h3>\n<p>Sous recommandation m\u00e9dicale, la dose peut \u00eatre augment\u00e9e. La dose est pr\u00e9vue \u00ab&#160;on the top&#160;\u00bb, donc comme l\u2019ajout d&rsquo;une alimentation usuelle et non comme le remplacement de celle-ci. Le but n\u2019est pas d&rsquo;introduire toutes les <strong>prot\u00e9ines<\/strong> n\u00e9cessaires au patient, mais une alimentation riche en <strong>acides amin\u00e9s essentiels<\/strong>, qui fonctionne comme des <strong>briques de construction<\/strong> permettant la <strong>restauration<\/strong> des <strong>axes<\/strong> <strong>somatotropes<\/strong> et <strong>gonadotropes<\/strong> ainsi que la <strong>restauration<\/strong> de l\u2019<strong>anabolisme<\/strong> <strong>musculaire<\/strong> et <strong>osseux<\/strong>. Dans l&rsquo;\u00e9tude clinique, Nutrinamin d\u00e9montre un effet significatif sur les diff\u00e9rents crit\u00e8res de l&rsquo;\u00e9tude bien que les patients aient un apport de prot\u00e9ines au-dessous des recommandations.<\/p>\n<h3><strong>Pourquoi n\u2019y a-t-il qu\u2019un go\u00fbt de Nutrinamin \u00e0 disposition&#160;?<\/strong><\/h3>\n<p>Les composants et l\u2019efficacit\u00e9 du complexe sont naturellement la premi\u00e8re pr\u00e9occupation du produit. Cependant le go\u00fbt des acides amin\u00e9s essentiels est tr\u00e8s amer et difficile \u00e0 couvrir. Ainsi, le fabricant a choisi un go\u00fbt \u00e0 l\u2019orange.<\/p>\n<h3><strong>Peut-on m\u00e9langer Nutrinamin \u00e0 d\u2019autres liquides que de l\u2019eau&#160;?<\/strong><\/h3>\n<p>Si le go\u00fbt de Nutrinamin m\u00e9lang\u00e9 \u00e0 de l\u2019eau ne vous convient pas, vous pouvez m\u00e9langer Nutrinamin avec d\u2019autres boissons telles que le jus d\u2019orange ou alors en mettant plus d\u2019eau.<\/p>\n<h3><strong>Doit-on prendre Nutrinamin en plus d\u2019une alimentation couvrant d\u00e9j\u00e0 les besoins journaliers&#160;?<\/strong><\/h3>\n<p>Si tous les besoins en alimentation, inclus les acides amin\u00e9s essentiels, sont couverts, Nutrinamin n&rsquo;est pas n\u00e9cessaire. Cependant chez des <strong>personnes<\/strong> <strong>hospitalis\u00e9es<\/strong> ou <strong>\u00e2g\u00e9es<\/strong>, il est rare que les besoins en acides amin\u00e9s essentiels soient couverts. Lors de <strong>chirurgie bariatrique<\/strong>, la <strong>malabsorption<\/strong> des acides amin\u00e9s essentiels peut \u00e9galement \u00eatre une raison d&rsquo;ajouter un tel compl\u00e9ment. D&rsquo;autre part, il y a d\u2019autres groupes de personnes qui peuvent profiter de Nutrinamin&#160;: les <strong>sportifs<\/strong> et les personnes en haute d\u00e9pense physique.<\/p>\n<h3><strong>Pour qui Nutrinamin est-il particuli\u00e8rement indiqu\u00e9&#160;?<\/strong><\/h3>\n<ul>\n<li>Personnes en <strong>phase de r\u00e9habilitation<\/strong><\/li>\n<li>Personnes apr\u00e8s <strong>chirurgie bariatrique<\/strong> (avec malabsorption)<\/li>\n<li>Personnes souffrant d\u2019<strong>ost\u00e9oporose<\/strong><\/li>\n<li>Avant et apr\u00e8s une <strong>chirurgie dentaire<\/strong><\/li>\n<li>Personnes <strong>malnutries<\/strong> (en cas de r\u00e9gimes, manque chronique)<\/li>\n<li><strong>Vegan<\/strong> et <strong>v\u00e9g\u00e9tariens<\/strong><\/li>\n<\/ul>\n<p>En outre, Nutrinamin peut \u00eatre pris avant toute op\u00e9ration en lien avec l\u2019os.<\/p>\n<h3><strong>Est-ce que Nutrinamin est indiqu\u00e9 pour les vegans ou les personnes qui souffent d\u2019intol\u00e9rance alimentaire (lactose, fructose, gluten)&#160;?<\/strong><\/h3>\n<p>Absolument. Les <strong>v\u00e9g\u00e9tariens<\/strong>, les\u00a0<strong>v\u00e9g\u00e9taliens<\/strong> et les\u00a0<strong>vegans<\/strong> se verront simplifier leur <strong>r\u00e9gime<\/strong> avec Nutrinamin en apportant les acides amin\u00e9s essentiels qui manquent \u00e0 la plus part de ces personnes avec les<strong> effets\u00a0d\u00e9l\u00e9t\u00e8res\u00a0<\/strong>connus sur les <strong>muscles<\/strong> et les <strong>os<\/strong>. De plus, comme les acides amin\u00e9s sont dissoci\u00e9s, ils seront bien plus <strong>facilement absorb\u00e9s<\/strong> par les patients qui souffrent de\u00a0<strong>malabsorption<\/strong>. Et comme le produit se prend sans lait et ne contient pas de prot\u00e9ines \u00e0 base de lait, ni de sucre ajout\u00e9, les <strong>intol\u00e9rants<\/strong> au <strong>lactose<\/strong> et <strong>fructose<\/strong> peuvent prendre le produit. Nutrinamin ne contient <strong>pas de gluten<\/strong>.<\/p>\n<h3><strong>Est-ce que Nutrinamin peut \u00e9galement avoir une efficacit\u00e9 positive sur les personnes souffrant de dystrophie musculaire&#160;?<\/strong><\/h3>\n<p>Nutrinamin a d\u00e9montr\u00e9 une efficacit\u00e9 prouv\u00e9e sur la sarcop\u00e9nie. La masse de muscles s\u2019est vue augment\u00e9e. Chez les personnes \u00e2g\u00e9es, le produit am\u00e9liore les tests de fonction et l&rsquo;ind\u00e9pendance du patient.<\/p>\n<h3><strong>Est-ce que le produit est rembours\u00e9 par la caisse maladie en Suisse&#160;?<\/strong><\/h3>\n<p>Non, Nutrinamin n\u2019est pas rembours\u00e9 par l\u2019assurance maladie de base \u00e9tant donn\u00e9 que c\u2019est un complement alimentaire. Cependant, il se peut que certaines assurances compl\u00e9mentaires le prennent en charge sur prescription du m\u00e9decin.<\/p>\n<h3><strong>Est-ce que le produit est d\u00e9pos\u00e9 \u00e0 l\u2019ordre des m\u00e9decins ou \u00e0 la FSA comme c\u2019est le cas pour les m\u00e9dicaments&#160;? <\/strong><\/h3>\n<p>Afin d\u2019\u00eatre sur la liste de la FSA, il serait n\u00e9cessaire d\u2019ajouter du sucre ou un \u00e9l\u00e9ment calorique dans le produit ce qui est en dehors du concept et du produit test\u00e9 en clinique. Nutrinamin est plus un produit \u00ab&#160;on the top&#160;\u00bb qu\u2019un substituant de l\u2019alimentation car le maintien d\u2019une alimentation \u00e9quilibr\u00e9e reste importante.<\/p>\n<\/div><\/div><\/div><div class=\"fusion-clearfix\"><\/div><\/div><div class=\"fusion-clearfix\"><\/div><\/div><\/div><div class=\"fusion-layout-column fusion_builder_column fusion-builder-column-2 fusion_builder_column_1_5 1_5 fusion-one-fifth fusion-column-last\" style=\"--awb-bg-size:cover;width:20%;width:calc(20% - ( ( 4% + 4% ) * 0.2 ) );\"><div class=\"fusion-column-wrapper fusion-flex-column-wrapper-legacy\"><div class=\"fusion-clearfix\"><\/div><\/div><\/div><\/div><\/div>\n","protected":false},"excerpt":{"rendered":"","protected":false},"author":1,"featured_media":0,"parent":0,"menu_order":0,"comment_status":"closed","ping_status":"closed","template":"","meta":{"footnotes":""},"class_list":["post-951","page","type-page","status-publish","hentry"],"yoast_head":"<!-- This site is optimized with the Yoast SEO plugin v24.4 - https:\/\/yoast.com\/wordpress\/plugins\/seo\/ -->\n<title>Nutrinamin - FAQ<\/title>\n<meta name=\"description\" content=\"Pour qui Nutrinamin est-il particuli\u00e8rement indiqu\u00e9? Quelle est la dose journali\u00e8re maximale? Est-ce qu\u2019un sachet par jour est suffisant afin de couvrir les besoins en prot\u00e9ines? D\u00e9couvrez toutes les r\u00e9ponses ici...\" \/>\n<meta name=\"robots\" content=\"index, follow, max-snippet:-1, max-image-preview:large, max-video-preview:-1\" \/>\n<link rel=\"canonical\" href=\"https:\/\/www.aahealthcare.ch\/fr\/faq\/\" \/>\n<meta property=\"og:locale\" content=\"fr_FR\" \/>\n<meta property=\"og:type\" content=\"article\" \/>\n<meta property=\"og:title\" content=\"Nutrinamin - FAQ\" \/>\n<meta property=\"og:description\" content=\"Pour qui Nutrinamin est-il particuli\u00e8rement indiqu\u00e9? Quelle est la dose journali\u00e8re maximale? Est-ce qu\u2019un sachet par jour est suffisant afin de couvrir les besoins en prot\u00e9ines? D\u00e9couvrez toutes les r\u00e9ponses ici...\" \/>\n<meta property=\"og:url\" content=\"https:\/\/www.aahealthcare.ch\/fr\/faq\/\" \/>\n<meta property=\"og:site_name\" content=\"AAHealthcare\" \/>\n<meta property=\"article:modified_time\" content=\"2018-03-07T10:47:27+00:00\" \/>\n<meta name=\"twitter:card\" content=\"summary_large_image\" \/>\n<meta name=\"twitter:label1\" content=\"Dur\u00e9e de lecture estim\u00e9e\" \/>\n\t<meta name=\"twitter:data1\" content=\"8 minutes\" \/>\n<script type=\"application\/ld+json\" class=\"yoast-schema-graph\">{\"@context\":\"https:\/\/schema.org\",\"@graph\":[{\"@type\":\"WebPage\",\"@id\":\"https:\/\/www.aahealthcare.ch\/fr\/faq\/\",\"url\":\"https:\/\/www.aahealthcare.ch\/fr\/faq\/\",\"name\":\"Nutrinamin - FAQ\",\"isPartOf\":{\"@id\":\"https:\/\/www.aahealthcare.ch\/fr\/#website\"},\"datePublished\":\"2018-03-07T10:02:16+00:00\",\"dateModified\":\"2018-03-07T10:47:27+00:00\",\"description\":\"Pour qui Nutrinamin est-il particuli\u00e8rement indiqu\u00e9? Quelle est la dose journali\u00e8re maximale? Est-ce qu\u2019un sachet par jour est suffisant afin de couvrir les besoins en prot\u00e9ines? D\u00e9couvrez toutes les r\u00e9ponses ici...\",\"breadcrumb\":{\"@id\":\"https:\/\/www.aahealthcare.ch\/fr\/faq\/#breadcrumb\"},\"inLanguage\":\"fr-FR\",\"potentialAction\":[{\"@type\":\"ReadAction\",\"target\":[\"https:\/\/www.aahealthcare.ch\/fr\/faq\/\"]}]},{\"@type\":\"BreadcrumbList\",\"@id\":\"https:\/\/www.aahealthcare.ch\/fr\/faq\/#breadcrumb\",\"itemListElement\":[{\"@type\":\"ListItem\",\"position\":1,\"name\":\"Accueil\",\"item\":\"https:\/\/www.aahealthcare.ch\/fr\/\"},{\"@type\":\"ListItem\",\"position\":2,\"name\":\"FAQ\"}]},{\"@type\":\"WebSite\",\"@id\":\"https:\/\/www.aahealthcare.ch\/fr\/#website\",\"url\":\"https:\/\/www.aahealthcare.ch\/fr\/\",\"name\":\"AAHealthcare\",\"description\":\"\",\"potentialAction\":[{\"@type\":\"SearchAction\",\"target\":{\"@type\":\"EntryPoint\",\"urlTemplate\":\"https:\/\/www.aahealthcare.ch\/fr\/?s={search_term_string}\"},\"query-input\":{\"@type\":\"PropertyValueSpecification\",\"valueRequired\":true,\"valueName\":\"search_term_string\"}}],\"inLanguage\":\"fr-FR\"}]}<\/script>\n<!-- \/ Yoast SEO plugin. -->","yoast_head_json":{"title":"Nutrinamin - FAQ","description":"Pour qui Nutrinamin est-il particuli\u00e8rement indiqu\u00e9? Quelle est la dose journali\u00e8re maximale? Est-ce qu\u2019un sachet par jour est suffisant afin de couvrir les besoins en prot\u00e9ines? D\u00e9couvrez toutes les r\u00e9ponses ici...","robots":{"index":"index","follow":"follow","max-snippet":"max-snippet:-1","max-image-preview":"max-image-preview:large","max-video-preview":"max-video-preview:-1"},"canonical":"https:\/\/www.aahealthcare.ch\/fr\/faq\/","og_locale":"fr_FR","og_type":"article","og_title":"Nutrinamin - FAQ","og_description":"Pour qui Nutrinamin est-il particuli\u00e8rement indiqu\u00e9? Quelle est la dose journali\u00e8re maximale? Est-ce qu\u2019un sachet par jour est suffisant afin de couvrir les besoins en prot\u00e9ines? D\u00e9couvrez toutes les r\u00e9ponses ici...","og_url":"https:\/\/www.aahealthcare.ch\/fr\/faq\/","og_site_name":"AAHealthcare","article_modified_time":"2018-03-07T10:47:27+00:00","twitter_card":"summary_large_image","twitter_misc":{"Dur\u00e9e de lecture estim\u00e9e":"8 minutes"},"schema":{"@context":"https:\/\/schema.org","@graph":[{"@type":"WebPage","@id":"https:\/\/www.aahealthcare.ch\/fr\/faq\/","url":"https:\/\/www.aahealthcare.ch\/fr\/faq\/","name":"Nutrinamin - FAQ","isPartOf":{"@id":"https:\/\/www.aahealthcare.ch\/fr\/#website"},"datePublished":"2018-03-07T10:02:16+00:00","dateModified":"2018-03-07T10:47:27+00:00","description":"Pour qui Nutrinamin est-il particuli\u00e8rement indiqu\u00e9? Quelle est la dose journali\u00e8re maximale? Est-ce qu\u2019un sachet par jour est suffisant afin de couvrir les besoins en prot\u00e9ines? D\u00e9couvrez toutes les r\u00e9ponses ici...","breadcrumb":{"@id":"https:\/\/www.aahealthcare.ch\/fr\/faq\/#breadcrumb"},"inLanguage":"fr-FR","potentialAction":[{"@type":"ReadAction","target":["https:\/\/www.aahealthcare.ch\/fr\/faq\/"]}]},{"@type":"BreadcrumbList","@id":"https:\/\/www.aahealthcare.ch\/fr\/faq\/#breadcrumb","itemListElement":[{"@type":"ListItem","position":1,"name":"Accueil","item":"https:\/\/www.aahealthcare.ch\/fr\/"},{"@type":"ListItem","position":2,"name":"FAQ"}]},{"@type":"WebSite","@id":"https:\/\/www.aahealthcare.ch\/fr\/#website","url":"https:\/\/www.aahealthcare.ch\/fr\/","name":"AAHealthcare","description":"","potentialAction":[{"@type":"SearchAction","target":{"@type":"EntryPoint","urlTemplate":"https:\/\/www.aahealthcare.ch\/fr\/?s={search_term_string}"},"query-input":{"@type":"PropertyValueSpecification","valueRequired":true,"valueName":"search_term_string"}}],"inLanguage":"fr-FR"}]}},"_links":{"self":[{"href":"https:\/\/www.aahealthcare.ch\/fr\/wp-json\/wp\/v2\/pages\/951","targetHints":{"allow":["GET"]}}],"collection":[{"href":"https:\/\/www.aahealthcare.ch\/fr\/wp-json\/wp\/v2\/pages"}],"about":[{"href":"https:\/\/www.aahealthcare.ch\/fr\/wp-json\/wp\/v2\/types\/page"}],"author":[{"embeddable":true,"href":"https:\/\/www.aahealthcare.ch\/fr\/wp-json\/wp\/v2\/users\/1"}],"replies":[{"embeddable":true,"href":"https:\/\/www.aahealthcare.ch\/fr\/wp-json\/wp\/v2\/comments?post=951"}],"version-history":[{"count":4,"href":"https:\/\/www.aahealthcare.ch\/fr\/wp-json\/wp\/v2\/pages\/951\/revisions"}],"predecessor-version":[{"id":984,"href":"https:\/\/www.aahealthcare.ch\/fr\/wp-json\/wp\/v2\/pages\/951\/revisions\/984"}],"wp:attachment":[{"href":"https:\/\/www.aahealthcare.ch\/fr\/wp-json\/wp\/v2\/media?parent=951"}],"curies":[{"name":"wp","href":"https:\/\/api.w.org\/{rel}","templated":true}]}}